{"id":16004,"date":"2024-10-27T22:32:23","date_gmt":"2024-10-27T22:32:23","guid":{"rendered":"https:\/\/doutorrodrigoendocrinologista.com\/?page_id=16004"},"modified":"2024-11-12T19:21:18","modified_gmt":"2024-11-12T19:21:18","slug":"posts-recentes","status":"publish","type":"page","link":"https:\/\/doutorrodrigoendocrinologista.com\/index.php\/posts-recentes\/","title":{"rendered":"Posts Recentes"},"content":{"rendered":"\t\t<div data-elementor-type=\"wp-page\" data-elementor-id=\"16004\" class=\"elementor elementor-16004\">\n\t\t\t\t<div class=\"elementor-element elementor-element-6f4d5986 e-flex e-con-boxed wd-section-disabled e-con e-parent\" data-id=\"6f4d5986\" data-element_type=\"container\">\n\t\t\t\t\t<div class=\"e-con-inner\">\n\t\t\t\t<div class=\"elementor-element elementor-element-2487cafd color-scheme-inherit text-left elementor-widget elementor-widget-text-editor\" data-id=\"2487cafd\" data-element_type=\"widget\" data-widget_type=\"text-editor.default\">\n\t\t\t\t<div class=\"elementor-widget-container\">\n\t\t\t\t\t\t\t\t\t<center>\n<p><\/p>\n<p class=\"has-medium-font-size\"><strong><h3>Vamos falar sobre o Wegovy?<\/h3><\/strong><\/p>\n<p><strong><img fetchpriority=\"high\" decoding=\"async\" class=\"alignnone size-medium wp-image-16133\" src=\"https:\/\/doutorrodrigoendocrinologista.com\/wp-content\/uploads\/2024\/11\/falando_de_wegovy-400x266.jpg\" alt=\"\" width=\"400\" height=\"266\" srcset=\"https:\/\/doutorrodrigoendocrinologista.com\/wp-content\/uploads\/2024\/11\/falando_de_wegovy-400x266.jpg 400w, https:\/\/doutorrodrigoendocrinologista.com\/wp-content\/uploads\/2024\/11\/falando_de_wegovy-430x286.jpg 430w, https:\/\/doutorrodrigoendocrinologista.com\/wp-content\/uploads\/2024\/11\/falando_de_wegovy-700x466.jpg 700w, https:\/\/doutorrodrigoendocrinologista.com\/wp-content\/uploads\/2024\/11\/falando_de_wegovy-150x100.jpg 150w, https:\/\/doutorrodrigoendocrinologista.com\/wp-content\/uploads\/2024\/11\/falando_de_wegovy.jpg 740w\" sizes=\"(max-width: 400px) 100vw, 400px\" \/><br \/><\/strong><\/p>\n<p>&nbsp;<\/p>\n<\/center>\n\n\n<p>O Wegovy, um dos tratamentos mais aguardados para a obesidade e sobrepeso, acaba de chegar as farm\u00e1cias do Brasil oferecendo uma nova esperan\u00e7a para aqueles que lutam contra o excesso de peso. Estudos cl\u00ednicos mostram que os pacientes com este tratamento apresentam uma redu\u00e7\u00e3o no peso corporal at\u00e9 superior a 20%. Isso faz do Wegovy o tratamento com a maior taxa de perda de peso dispon\u00edvel em nosso pa\u00eds.<\/p>\n<p>A semaglutida, o princ\u00edpio ativo do Wegovy, j\u00e1 \u00e9 conhecida por estar presente em outros medicamentos para o tratamento do diabetes tipo 2. Por\u00e9m, o Wegovy \u00e9 formulado e dosado especificamente para auxiliar na perda de peso. Juntamente com a liraglutida, bupropiona, naltrexona, orlistate, fentermina e a sibutramina, est\u00e1 entre os poucos medicamentos aprovados pela ANVISA para o tratamento da obesidade.<\/p>\n<p>Ele ajuda emagrecer porque age imitando o horm\u00f4nio GLP-1, que \u00e9 naturalmente produzido pelas c\u00e9lulas da parede intestinal quando os alimentos chegam ao intestino, retardando o esvaziamento g\u00e1strico, reduzindo o apetite e aumentando a sensa\u00e7\u00e3o de saciedade. Esses efeitos levam a uma redu\u00e7\u00e3o na ingest\u00e3o de alimentos e, consequentemente, \u00e0 perda de peso.<\/p>\n<p>Por\u00e9m \u00e9 fundamental saber as poss\u00edveis contraindica\u00e7\u00f5es do medicamento, e cada pessoa deve ser analisada individualmente, com uma hist\u00f3ria cl\u00ednica bem feita e um check up laboratorial pr\u00e9vio. Sua efic\u00e1cia \u00e9 muito maior quando utilizado com dietas espec\u00edficas e aumento na atividade f\u00edsica.<\/p>\n<p>\u00c9 importante destacar que se trata de um tratamento de m\u00e9dio a longo prazo, podendo precisar levar at\u00e9 cerca de 1 ano de uso para atingir os maiores resultados. Ap\u00f3s o primeiro ano, a perda de peso tende a se estabilizar, entrando em um plat\u00f4 que pode ser mantido a longo prazo. Usos por per\u00edodos de apenas alguns meses, raramente resultam em perdas de peso intensas e sustent\u00e1veis.<\/p>\n<p>Wegovy \u00e9 administrado de forma subcut\u00e2nea (injet\u00e1vel) e apenas 1 vez por semana, sempre no mesmo dia, utilizando-se uma caneta pr\u00e9-cheia, em doses diferentes para cada fase do tratamento.<\/p>\n<p>\u00c9 importante destacar que a semaglutida n\u00e3o foi desenvolvida para uso em formatos como c\u00e1psulas, sublingual, pellets, seringas ou chips e estes formatos n\u00e3o possuem autoriza\u00e7\u00e3o da ANVISA. Qualquer venda de medicamentos fora das apresenta\u00e7\u00f5es oficiais \u00e9 irregular, n\u00e3o oferece garantias de efic\u00e1cia e seguran\u00e7a, podendo expor o seu corpo a s\u00e9rios riscos. Devido \u00e0 popularidade do medicamento, h\u00e1 casos de falsifica\u00e7\u00e3o e manipula\u00e7\u00e3o irregular, portanto, evite comprar em sites n\u00e3o autorizados ou de fontes desconhecidas. Desconfie de ofertas muito abaixo do valor de mercado. Para comprar Wegovy \u00e9 necess\u00e1rio ter uma receita m\u00e9dica. Ele \u00e9 um medicamento de tarja vermelha, o que significa que deve ser prescrito por um m\u00e9dico em um receitu\u00e1rio que possui exig\u00eancias espec\u00edficas.<\/p>\n<p>Os seus efeitos colaterais mais comuns incluem dist\u00farbios gastrointestinais, como n\u00e1useas, diarreia, constipa\u00e7\u00e3o e v\u00f4mitos. A grande maioria desses efeitos \u00e9 de leve a moderada intensidade, e de curta dura\u00e7\u00e3o.<\/p>\n<p>A obesidade \u00e9 uma doen\u00e7a cr\u00f4nica, e como tal, o tratamento pode exigir o uso prolongado de medicamentos, com mudan\u00e7as sustent\u00e1veis no estilo de vida, como uma alimenta\u00e7\u00e3o balanceada e a pr\u00e1tica regular de atividade f\u00edsica. O tempo de uso do Wegovy pode variar de acordo com a resposta individual ao tratamento e as orienta\u00e7\u00f5es m\u00e9dicas. Em muitos casos pode ser necess\u00e1rio o uso cont\u00ednuo de medicamentos ou a transi\u00e7\u00e3o para outra medica\u00e7\u00e3o que ajude a prevenir o reganho de peso. O acompanhamento m\u00e9dico durante o tratamento \u00e9 fundamental para garantir a seguran\u00e7a, efic\u00e1cia e individualiza\u00e7\u00e3o de condutas.<\/p><br>\n<p> <\/p>\n\n<p class=\"has-medium-font-size\"><center><strong><h3>Doen\u00e7as Cardiovasculares<\/h3><br><img decoding=\"async\" class=\"alignnone size-medium wp-image-16132\" src=\"https:\/\/doutorrodrigoendocrinologista.com\/wp-content\/uploads\/2024\/11\/doencas_cardiovasculares-400x250.jpg\" alt=\"\" width=\"400\" height=\"250\" srcset=\"https:\/\/doutorrodrigoendocrinologista.com\/wp-content\/uploads\/2024\/11\/doencas_cardiovasculares-400x250.jpg 400w, https:\/\/doutorrodrigoendocrinologista.com\/wp-content\/uploads\/2024\/11\/doencas_cardiovasculares-768x480.jpg 768w, https:\/\/doutorrodrigoendocrinologista.com\/wp-content\/uploads\/2024\/11\/doencas_cardiovasculares-430x269.jpg 430w, https:\/\/doutorrodrigoendocrinologista.com\/wp-content\/uploads\/2024\/11\/doencas_cardiovasculares-700x437.jpg 700w, https:\/\/doutorrodrigoendocrinologista.com\/wp-content\/uploads\/2024\/11\/doencas_cardiovasculares-150x94.jpg 150w, https:\/\/doutorrodrigoendocrinologista.com\/wp-content\/uploads\/2024\/11\/doencas_cardiovasculares.jpg 805w\" sizes=\"(max-width: 400px) 100vw, 400px\" \/><br \/><\/strong><\/center><\/p>\n<p>\n\n<\/p>\n<p>As doen\u00e7as cardiovasculares, como infarto e derrame cerebral, s\u00e3o a principal causa de morte no Brasil e em muitos outros pa\u00edses. Diversos fatores contribuem para esse problema, mas um dos principais \u00e9 o n\u00edvel alto de colesterol, especialmente o LDL, conhecido como \u201ccolesterol ruim\u201d.<br \/>Estudos mostram que n\u00edveis altos de LDL colesterol s\u00e3o comuns na nossa popula\u00e7\u00e3o, afetando mais as pessoas mais velhas. Com o envelhecimento da popula\u00e7\u00e3o brasileira nos \u00faltimos anos, o colesterol alto se tornou um dos maiores problemas de sa\u00fade p\u00fablica atualmente. Al\u00e9m disso, quando o colesterol alto est\u00e1 combinado com outras condi\u00e7\u00f5es, como press\u00e3o alta, obesidade e diabetes, o risco aumenta ainda mais. Por isso, as principais organiza\u00e7\u00f5es de sa\u00fade recomendam que se fa\u00e7a uma avalia\u00e7\u00e3o regular dos n\u00edveis de colesterol para prevenir problemas cardiovasculares.<br \/>\u00c9 importante destacar que a decis\u00e3o sobre o tratamento deve considerar n\u00e3o apenas os resultados dos exames, mas tamb\u00e9m a an\u00e1lise do risco feita por um profissional qualificado. Como endocrinologista, vejo essa situa\u00e7\u00e3o com frequ\u00eancia e me vejo com a miss\u00e3o de aumentar o conhecimento da popula\u00e7\u00e3o sobre a import\u00e2ncia de controlar bem o colesterol. A informa\u00e7\u00e3o cient\u00edfica de qualidade \u00e9 essencial para conscientizar as pessoas sobre como o colesterol afeta o envelhecimento saud\u00e1vel e a qualidade de vida.<br \/>O controle do colesterol pode ser feito com mudan\u00e7as na dieta e na pr\u00e1tica de exerc\u00edcios, mas, muitas vezes, tamb\u00e9m ser\u00e1 necess\u00e1rio usar medicamentos. Seguir o tratamento \u00e9 fundamental para manter a sa\u00fade a longo prazo.<br \/>Embora n\u00e3o possamos evitar o envelhecimento, podemos envelhecer com sa\u00fade. Para isso, \u00e9 crucial fazer avalia\u00e7\u00f5es m\u00e9dicas regulares, sendo que o controle do colesterol \u00e9 uma das principais maneiras de prevenir problemas graves e aumentar a longevidade.<\/p>\n<p><\/p>\t\t\t\t\t\t\t\t<\/div>\n\t\t\t\t<\/div>\n\t\t\t\t\t<\/div>\n\t\t\t\t<\/div>\n\t\t\t\t<\/div>\n\t\t","protected":false},"excerpt":{"rendered":"<p>Vamos falar sobre o Wegovy? &nbsp; O Wegovy, um dos tratamentos mais aguardados para a obesidade e sobrepeso, acaba de<\/p>\n","protected":false},"author":1,"featured_media":0,"parent":0,"menu_order":0,"comment_status":"closed","ping_status":"closed","template":"","meta":{"footnotes":""},"class_list":["post-16004","page","type-page","status-publish","hentry"],"_links":{"self":[{"href":"https:\/\/doutorrodrigoendocrinologista.com\/index.php\/wp-json\/wp\/v2\/pages\/16004","targetHints":{"allow":["GET"]}}],"collection":[{"href":"https:\/\/doutorrodrigoendocrinologista.com\/index.php\/wp-json\/wp\/v2\/pages"}],"about":[{"href":"https:\/\/doutorrodrigoendocrinologista.com\/index.php\/wp-json\/wp\/v2\/types\/page"}],"author":[{"embeddable":true,"href":"https:\/\/doutorrodrigoendocrinologista.com\/index.php\/wp-json\/wp\/v2\/users\/1"}],"replies":[{"embeddable":true,"href":"https:\/\/doutorrodrigoendocrinologista.com\/index.php\/wp-json\/wp\/v2\/comments?post=16004"}],"version-history":[{"count":17,"href":"https:\/\/doutorrodrigoendocrinologista.com\/index.php\/wp-json\/wp\/v2\/pages\/16004\/revisions"}],"predecessor-version":[{"id":16146,"href":"https:\/\/doutorrodrigoendocrinologista.com\/index.php\/wp-json\/wp\/v2\/pages\/16004\/revisions\/16146"}],"wp:attachment":[{"href":"https:\/\/doutorrodrigoendocrinologista.com\/index.php\/wp-json\/wp\/v2\/media?parent=16004"}],"curies":[{"name":"wp","href":"https:\/\/api.w.org\/{rel}","templated":true}]}}