{"id":16149,"date":"2025-01-23T12:59:47","date_gmt":"2025-01-23T12:59:47","guid":{"rendered":"https:\/\/doutorrodrigoendocrinologista.com\/?page_id=16149"},"modified":"2025-03-22T13:20:55","modified_gmt":"2025-03-22T13:20:55","slug":"procedimentos","status":"publish","type":"page","link":"https:\/\/doutorrodrigoendocrinologista.com\/index.php\/procedimentos\/","title":{"rendered":"Procedimentos"},"content":{"rendered":"\t\t<div data-elementor-type=\"wp-page\" data-elementor-id=\"16149\" class=\"elementor elementor-16149\">\n\t\t\t\t<div class=\"elementor-element elementor-element-7545502 e-flex e-con-boxed wd-section-disabled e-con e-parent\" data-id=\"7545502\" data-element_type=\"container\" data-e-type=\"container\">\n\t\t\t\t\t<div class=\"e-con-inner\">\n\t\t<div class=\"elementor-element elementor-element-a7f0c19 e-con-full e-flex wd-section-disabled e-con e-child\" data-id=\"a7f0c19\" data-element_type=\"container\" data-e-type=\"container\">\n\t\t\t\t<div class=\"elementor-element elementor-element-b8e7d63 elementor-widget elementor-widget-wd_image_or_svg\" data-id=\"b8e7d63\" data-element_type=\"widget\" data-e-type=\"widget\" data-widget_type=\"wd_image_or_svg.default\">\n\t\t\t\t<div class=\"elementor-widget-container\">\n\t\t\t\t\t\n\t\t<div class=\"wd-image text-left\">\n\t\t\t\t\t\t\t\t<img fetchpriority=\"high\" decoding=\"async\" width=\"941\" height=\"667\" src=\"https:\/\/doutorrodrigoendocrinologista.com\/wp-content\/uploads\/2025\/01\/produtos1.jpg\" class=\"attachment-full size-full wp-image-16178\" alt=\"\" srcset=\"https:\/\/doutorrodrigoendocrinologista.com\/wp-content\/uploads\/2025\/01\/produtos1.jpg 941w, https:\/\/doutorrodrigoendocrinologista.com\/wp-content\/uploads\/2025\/01\/produtos1-400x284.jpg 400w, https:\/\/doutorrodrigoendocrinologista.com\/wp-content\/uploads\/2025\/01\/produtos1-768x544.jpg 768w, https:\/\/doutorrodrigoendocrinologista.com\/wp-content\/uploads\/2025\/01\/produtos1-860x610.jpg 860w, https:\/\/doutorrodrigoendocrinologista.com\/wp-content\/uploads\/2025\/01\/produtos1-430x305.jpg 430w, https:\/\/doutorrodrigoendocrinologista.com\/wp-content\/uploads\/2025\/01\/produtos1-700x496.jpg 700w, https:\/\/doutorrodrigoendocrinologista.com\/wp-content\/uploads\/2025\/01\/produtos1-150x106.jpg 150w\" sizes=\"(max-width: 941px) 100vw, 941px\" \/>\t\t\t\t\t<\/div>\n\n\t\t\t\t\t\t<\/div>\n\t\t\t\t<\/div>\n\t\t\t\t<\/div>\n\t\t<div class=\"elementor-element elementor-element-bbd3bcd e-con-full e-flex wd-section-disabled e-con e-child\" data-id=\"bbd3bcd\" data-element_type=\"container\" data-e-type=\"container\">\n\t\t\t\t<div class=\"elementor-element elementor-element-3ba02b1 elementor-widget elementor-widget-wd_text_block\" data-id=\"3ba02b1\" data-element_type=\"widget\" data-e-type=\"widget\" data-widget_type=\"wd_text_block.default\">\n\t\t\t\t<div class=\"elementor-widget-container\">\n\t\t\t\t\t\t\t<div class=\"wd-text-block reset-last-child text-left\">\n\t\t\t\n\t\t\t<h4 class=\"NjC1lf\" dir=\"ltr\"><strong>Eletrocardiograma Digital<\/strong><\/h4><div class=\"mI4Zw\" dir=\"ltr\">Valor R$ 100,00<br \/><br \/>O Eletrocardiograma (ECG) \u00e9 um exame que avalia a atividade el\u00e9trica do cora\u00e7\u00e3o por meio de eletrodos fixados na pele. Com ele\u00e9 poss\u00edvel detectar o ritmo do cora\u00e7\u00e3o e o n\u00famero de batimentos por minuto. Ent\u00e3o, pode-se diagnosticar a exist\u00eancia de v\u00e1rios problemas card\u00edacos. Exemplos:<br \/>\u2022 Irregularidades no ritmo card\u00edaco (arritmia)<br \/>\u2022 Dilata\u00e7\u00e3o de cavidades card\u00edacas;<br \/>\u2022 Doen\u00e7as das art\u00e9rias do cora\u00e7\u00e3o<br \/>\u2022 Infarto do mioc\u00e1rdio;<br \/>\u2022 Dist\u00farbios na condu\u00e7\u00e3o el\u00e9trica do \u00f3rg\u00e3o;<br \/>\u2022 Problemas nas v\u00e1lvulas do cora\u00e7\u00e3o;<br \/>\u2022 Entre outras<br \/>O eletrocardiograma tamb\u00e9m pode ser usado para verificar a sa\u00fade do cora\u00e7\u00e3o quando outras doen\u00e7as est\u00e3o presentes, como:<br \/>\u2022 Press\u00e3o alta, Colesterol alto, Fumo, Diabetes, Hist\u00f3rico familiar de doen\u00e7a card\u00edaca precoce.<br \/>Al\u00e9m disso, o exame tamb\u00e9m pode informar se aparelhos mec\u00e2nicos implantados no cora\u00e7\u00e3o est\u00e3o funcionando, como marca-passos, e se o uso de determinados medicamentos est\u00e1 causando efeitos colaterais no cora\u00e7\u00e3o.<\/div>\n\t\t\t\t\t<\/div>\n\t\t\t\t\t\t<\/div>\n\t\t\t\t<\/div>\n\t\t\t\t<\/div>\n\t\t\t\t\t<\/div>\n\t\t\t\t<\/div>\n\t\t<div class=\"elementor-element elementor-element-769de46 e-flex e-con-boxed wd-section-disabled e-con e-parent\" data-id=\"769de46\" data-element_type=\"container\" data-e-type=\"container\">\n\t\t\t\t\t<div class=\"e-con-inner\">\n\t\t<div class=\"elementor-element elementor-element-3bbf73a e-con-full e-flex wd-section-disabled e-con e-child\" data-id=\"3bbf73a\" data-element_type=\"container\" data-e-type=\"container\">\n\t\t\t\t<div class=\"elementor-element elementor-element-59ec757 elementor-widget elementor-widget-wd_image_or_svg\" data-id=\"59ec757\" data-element_type=\"widget\" data-e-type=\"widget\" data-widget_type=\"wd_image_or_svg.default\">\n\t\t\t\t<div class=\"elementor-widget-container\">\n\t\t\t\t\t\n\t\t<div class=\"wd-image text-left\">\n\t\t\t\t\t\t\t\t<img decoding=\"async\" width=\"766\" height=\"508\" src=\"https:\/\/doutorrodrigoendocrinologista.com\/wp-content\/uploads\/2025\/01\/produtos2.jpg\" class=\"attachment-full size-full wp-image-16179\" alt=\"\" srcset=\"https:\/\/doutorrodrigoendocrinologista.com\/wp-content\/uploads\/2025\/01\/produtos2.jpg 766w, https:\/\/doutorrodrigoendocrinologista.com\/wp-content\/uploads\/2025\/01\/produtos2-400x265.jpg 400w, https:\/\/doutorrodrigoendocrinologista.com\/wp-content\/uploads\/2025\/01\/produtos2-430x285.jpg 430w, https:\/\/doutorrodrigoendocrinologista.com\/wp-content\/uploads\/2025\/01\/produtos2-700x464.jpg 700w, https:\/\/doutorrodrigoendocrinologista.com\/wp-content\/uploads\/2025\/01\/produtos2-150x99.jpg 150w\" sizes=\"(max-width: 766px) 100vw, 766px\" \/>\t\t\t\t\t<\/div>\n\n\t\t\t\t\t\t<\/div>\n\t\t\t\t<\/div>\n\t\t\t\t<\/div>\n\t\t<div class=\"elementor-element elementor-element-bd6bbfe e-con-full e-flex wd-section-disabled e-con e-child\" data-id=\"bd6bbfe\" data-element_type=\"container\" data-e-type=\"container\">\n\t\t\t\t<div class=\"elementor-element elementor-element-40282ea elementor-widget elementor-widget-wd_text_block\" data-id=\"40282ea\" data-element_type=\"widget\" data-e-type=\"widget\" data-widget_type=\"wd_text_block.default\">\n\t\t\t\t<div class=\"elementor-widget-container\">\n\t\t\t\t\t\t\t<div class=\"wd-text-block reset-last-child text-left\">\n\t\t\t\n\t\t\t<h4 class=\"NjC1lf\" dir=\"ltr\"><strong>Monitoriza\u00e7\u00e3o Ambulatorial da Press\u00e3o Arterial (MAPA)\u00a0<\/strong><\/h4><div class=\"mI4Zw\" dir=\"ltr\">Valor R$ 250,00<br \/><br \/>O exame MAPA significa monitoriza\u00e7\u00e3o ambulatorial da press\u00e3o arterial e consiste em um m\u00e9todo que permite o registro da press\u00e3o arterial em um per\u00edodo de 24 horas, durante as atividades habituais do dia-a-dia e at\u00e9 quando a pessoa est\u00e1 dormindo. O MAPA \u00e9 indicado para fazer o diagn\u00f3stico de hipertens\u00e3o arterial sist\u00eamica ou para avaliar se um determinado tratamento medicamentoso para press\u00e3o alta est\u00e1 sendo eficaz.<br \/>Este exame \u00e9 feito atrav\u00e9s da instala\u00e7\u00e3o de um aparelho de press\u00e3o ao redor do bra\u00e7o que fica conectado \u00e0 uma pequena m\u00e1quina que registra as medidas, sem impedir a pessoa de realizar tarefas\u00a0como comer, caminhar ou trabalhar. Geralmente, o aparelho mede a press\u00e3o a cada 30 minutos e ao final do exame\u00a0o m\u00e9dico poder\u00e1 visualizar um relat\u00f3rio com todas as medidas feitas durante 24 horas.<br \/>O exame MAPA deve ser feito, de prefer\u00eancia, nos dias em que a pessoa ir\u00e1 realizar as atividades habituais do dia-a-dia para que seja poss\u00edvel avaliar como a press\u00e3o arterial se comporta.<\/div>\n\t\t\t\t\t<\/div>\n\t\t\t\t\t\t<\/div>\n\t\t\t\t<\/div>\n\t\t\t\t<\/div>\n\t\t\t\t\t<\/div>\n\t\t\t\t<\/div>\n\t\t<div class=\"elementor-element elementor-element-a2f37f5 e-flex e-con-boxed wd-section-disabled e-con e-parent\" data-id=\"a2f37f5\" data-element_type=\"container\" data-e-type=\"container\">\n\t\t\t\t\t<div class=\"e-con-inner\">\n\t\t<div class=\"elementor-element elementor-element-4725194 e-con-full e-flex wd-section-disabled e-con e-child\" data-id=\"4725194\" data-element_type=\"container\" data-e-type=\"container\">\n\t\t\t\t<div class=\"elementor-element elementor-element-6013937 elementor-widget elementor-widget-wd_image_or_svg\" data-id=\"6013937\" data-element_type=\"widget\" data-e-type=\"widget\" data-widget_type=\"wd_image_or_svg.default\">\n\t\t\t\t<div class=\"elementor-widget-container\">\n\t\t\t\t\t\n\t\t<div class=\"wd-image text-left\">\n\t\t\t\t\t\t\t\t<img decoding=\"async\" src=\"https:\/\/doutorrodrigoendocrinologista.com\/wp-content\/uploads\/2025\/01\/produtos3.jpg\" title=\"\" alt=\"\" loading=\"lazy\" \/>\t\t\t\t\t<\/div>\n\n\t\t\t\t\t\t<\/div>\n\t\t\t\t<\/div>\n\t\t\t\t<\/div>\n\t\t<div class=\"elementor-element elementor-element-fadca63 e-con-full e-flex wd-section-disabled e-con e-child\" data-id=\"fadca63\" data-element_type=\"container\" data-e-type=\"container\">\n\t\t\t\t<div class=\"elementor-element elementor-element-0cc4035 elementor-widget elementor-widget-wd_text_block\" data-id=\"0cc4035\" data-element_type=\"widget\" data-e-type=\"widget\" data-widget_type=\"wd_text_block.default\">\n\t\t\t\t<div class=\"elementor-widget-container\">\n\t\t\t\t\t\t\t<div class=\"wd-text-block reset-last-child text-left\">\n\t\t\t\n\t\t\t<h4 class=\"NjC1lf\" dir=\"ltr\"><strong>Ultrassonografia de Tire\u00f3ide com Doppler<\/strong><\/h4><div class=\"mI4Zw\" dir=\"ltr\">Valor R$ 300,00<br \/><br \/>O ultrassom (ou ultrassonografia) da tireoide \u00e9 um exame simples, seguro e indolor que usa ondas sonoras para reproduzir imagens da gl\u00e2ndula tireoide e das estruturas vizinhas do pesco\u00e7o em uma tela. A gl\u00e2ndula tireoide fica localizada na parte inferior do pesco\u00e7o. O exame n\u00e3o usa radia\u00e7\u00e3o e \u00e9 frequentemente usado para avaliar n\u00f3dulos encontrados durante um exame f\u00edsico de rotina. O ultrassom da tireoide \u00e9 usado para:<br \/>\u2022 Avaliar um crescimento anormal da gl\u00e2ndula tireoide;<br \/>\u2022 Avaliar n\u00f3dulos palp\u00e1veis e vis\u00edveis, detectados no exame de toque;<br \/>\u2022 Determinar se o n\u00f3dulo \u00e9 benigno ou se tem caracter\u00edsticas que requerem bi\u00f3psia;<br \/>\u2022 Para rastrear pacientes de alto risco para malignidade da tireoide, como pacientes com hist\u00f3rico de c\u00e2ncer de tireoide familiar;<br \/>\u2022 Auxiliar no diagn\u00f3stico de doen\u00e7as hormonais como hipotireoidismo e hipertireoidismo;<br \/>\u2022 Acompanhamento de pacientes com hipertireoidismo ou hipotireoidismo<\/div>\n\t\t\t\t\t<\/div>\n\t\t\t\t\t\t<\/div>\n\t\t\t\t<\/div>\n\t\t\t\t<\/div>\n\t\t\t\t\t<\/div>\n\t\t\t\t<\/div>\n\t\t<div class=\"elementor-element elementor-element-637de90 e-flex e-con-boxed wd-section-disabled e-con e-parent\" data-id=\"637de90\" data-element_type=\"container\" data-e-type=\"container\">\n\t\t\t\t\t<div class=\"e-con-inner\">\n\t\t<div class=\"elementor-element elementor-element-b4be03b e-con-full e-flex wd-section-disabled e-con e-child\" data-id=\"b4be03b\" data-element_type=\"container\" data-e-type=\"container\">\n\t\t\t\t<div class=\"elementor-element elementor-element-3701652 elementor-widget elementor-widget-wd_image_or_svg\" data-id=\"3701652\" data-element_type=\"widget\" data-e-type=\"widget\" data-widget_type=\"wd_image_or_svg.default\">\n\t\t\t\t<div class=\"elementor-widget-container\">\n\t\t\t\t\t\n\t\t<div class=\"wd-image text-left\">\n\t\t\t\t\t\t\t\t<img decoding=\"async\" src=\"https:\/\/doutorrodrigoendocrinologista.com\/wp-content\/uploads\/2025\/01\/produtos4.jpg\" title=\"\" alt=\"\" loading=\"lazy\" \/>\t\t\t\t\t<\/div>\n\n\t\t\t\t\t\t<\/div>\n\t\t\t\t<\/div>\n\t\t\t\t<\/div>\n\t\t<div class=\"elementor-element elementor-element-a43526e e-con-full e-flex wd-section-disabled e-con e-child\" data-id=\"a43526e\" data-element_type=\"container\" data-e-type=\"container\">\n\t\t\t\t<div class=\"elementor-element elementor-element-22d4814 elementor-widget elementor-widget-wd_text_block\" data-id=\"22d4814\" data-element_type=\"widget\" data-e-type=\"widget\" data-widget_type=\"wd_text_block.default\">\n\t\t\t\t<div class=\"elementor-widget-container\">\n\t\t\t\t\t\t\t<div class=\"wd-text-block reset-last-child text-left\">\n\t\t\t\n\t\t\t<h4 class=\"NjC1lf\" dir=\"ltr\"><strong>Consulta M\u00e9dica<\/strong><\/h4><div class=\"mI4Zw\" dir=\"ltr\">Consulta medica especializada em Endocrinologia-Metabologia, adulto e pedi\u00e1trico<br \/><br \/>Dinheiro R$ 400,00<br \/>Pix R$ 430,00<br \/>Debito R$ 430,00<br \/>Credito R$ 450,00 (divide em at\u00e9 3 vezes)<br \/><br \/>PIX CELULAR<br \/>73999014252<\/div>\n\t\t\t\t\t<\/div>\n\t\t\t\t\t\t<\/div>\n\t\t\t\t<\/div>\n\t\t\t\t<\/div>\n\t\t\t\t\t<\/div>\n\t\t\t\t<\/div>\n\t\t<div class=\"elementor-element elementor-element-cda4dde e-flex e-con-boxed wd-section-disabled e-con e-parent\" data-id=\"cda4dde\" data-element_type=\"container\" data-e-type=\"container\">\n\t\t\t\t\t<div class=\"e-con-inner\">\n\t\t<div class=\"elementor-element elementor-element-85f41ae e-con-full e-flex wd-section-disabled e-con e-child\" data-id=\"85f41ae\" data-element_type=\"container\" data-e-type=\"container\">\n\t\t\t\t<div class=\"elementor-element elementor-element-386bda8 elementor-widget elementor-widget-wd_image_or_svg\" data-id=\"386bda8\" data-element_type=\"widget\" data-e-type=\"widget\" data-widget_type=\"wd_image_or_svg.default\">\n\t\t\t\t<div class=\"elementor-widget-container\">\n\t\t\t\t\t\n\t\t<div class=\"wd-image text-left\">\n\t\t\t\t\t\t\t\t<img decoding=\"async\" width=\"530\" height=\"405\" src=\"https:\/\/doutorrodrigoendocrinologista.com\/wp-content\/uploads\/2025\/01\/produtos5.png\" class=\"attachment-full size-full wp-image-16182\" alt=\"\" srcset=\"https:\/\/doutorrodrigoendocrinologista.com\/wp-content\/uploads\/2025\/01\/produtos5.png 530w, https:\/\/doutorrodrigoendocrinologista.com\/wp-content\/uploads\/2025\/01\/produtos5-393x300.png 393w, https:\/\/doutorrodrigoendocrinologista.com\/wp-content\/uploads\/2025\/01\/produtos5-430x329.png 430w, https:\/\/doutorrodrigoendocrinologista.com\/wp-content\/uploads\/2025\/01\/produtos5-150x115.png 150w\" sizes=\"(max-width: 530px) 100vw, 530px\" \/>\t\t\t\t\t<\/div>\n\n\t\t\t\t\t\t<\/div>\n\t\t\t\t<\/div>\n\t\t\t\t<\/div>\n\t\t<div class=\"elementor-element elementor-element-16ce52b e-con-full e-flex wd-section-disabled e-con e-child\" data-id=\"16ce52b\" data-element_type=\"container\" data-e-type=\"container\">\n\t\t\t\t<div class=\"elementor-element elementor-element-edde3b5 elementor-widget elementor-widget-wd_text_block\" data-id=\"edde3b5\" data-element_type=\"widget\" data-e-type=\"widget\" data-widget_type=\"wd_text_block.default\">\n\t\t\t\t<div class=\"elementor-widget-container\">\n\t\t\t\t\t\t\t<div class=\"wd-text-block reset-last-child text-left\">\n\t\t\t\n\t\t\t<h4 class=\"NjC1lf\" dir=\"ltr\"><strong>Bioimped\u00e2ncia<\/strong><\/h4><div class=\"mI4Zw\" dir=\"ltr\">Valor R$ 50,00<br \/><br \/>A bioimped\u00e2ncia \u00e9 um exame destinado \u00e0 avalia\u00e7\u00e3o da composi\u00e7\u00e3o corporal, estimando a massa magra, gordura corporal, \u00e1gua corporal total, entre outros dados que proporcionam informa\u00e7\u00f5es mais precisas sobre o estado nutricional do paciente.<\/div>\n\t\t\t\t\t<\/div>\n\t\t\t\t\t\t<\/div>\n\t\t\t\t<\/div>\n\t\t\t\t<\/div>\n\t\t\t\t\t<\/div>\n\t\t\t\t<\/div>\n\t\t<div class=\"elementor-element elementor-element-4cf1ec4 e-flex e-con-boxed wd-section-disabled e-con e-parent\" data-id=\"4cf1ec4\" data-element_type=\"container\" data-e-type=\"container\">\n\t\t\t\t\t<div class=\"e-con-inner\">\n\t\t<div class=\"elementor-element elementor-element-cd85011 e-con-full e-flex wd-section-disabled e-con e-child\" data-id=\"cd85011\" data-element_type=\"container\" data-e-type=\"container\">\n\t\t\t\t<div class=\"elementor-element elementor-element-882e49d elementor-widget elementor-widget-wd_image_or_svg\" data-id=\"882e49d\" data-element_type=\"widget\" data-e-type=\"widget\" data-widget_type=\"wd_image_or_svg.default\">\n\t\t\t\t<div class=\"elementor-widget-container\">\n\t\t\t\t\t\n\t\t<div class=\"wd-image text-left\">\n\t\t\t\t\t\t\t\t<img loading=\"lazy\" decoding=\"async\" width=\"616\" height=\"461\" src=\"https:\/\/doutorrodrigoendocrinologista.com\/wp-content\/uploads\/2025\/01\/produtos6.png\" class=\"attachment-full size-full wp-image-16183\" alt=\"\" srcset=\"https:\/\/doutorrodrigoendocrinologista.com\/wp-content\/uploads\/2025\/01\/produtos6.png 616w, https:\/\/doutorrodrigoendocrinologista.com\/wp-content\/uploads\/2025\/01\/produtos6-400x300.png 400w, https:\/\/doutorrodrigoendocrinologista.com\/wp-content\/uploads\/2025\/01\/produtos6-430x322.png 430w, https:\/\/doutorrodrigoendocrinologista.com\/wp-content\/uploads\/2025\/01\/produtos6-150x112.png 150w\" sizes=\"(max-width: 616px) 100vw, 616px\" \/>\t\t\t\t\t<\/div>\n\n\t\t\t\t\t\t<\/div>\n\t\t\t\t<\/div>\n\t\t\t\t<\/div>\n\t\t<div class=\"elementor-element elementor-element-9fae463 e-con-full e-flex wd-section-disabled e-con e-child\" data-id=\"9fae463\" data-element_type=\"container\" data-e-type=\"container\">\n\t\t\t\t<div class=\"elementor-element elementor-element-2f188bc elementor-widget elementor-widget-wd_text_block\" data-id=\"2f188bc\" data-element_type=\"widget\" data-e-type=\"widget\" data-widget_type=\"wd_text_block.default\">\n\t\t\t\t<div class=\"elementor-widget-container\">\n\t\t\t\t\t\t\t<div class=\"wd-text-block reset-last-child text-left\">\n\t\t\t\n\t\t\t<div dir=\"ltr\"><h4><strong>Bi\u00f3psia Aspirativa de Tire\u00f3ide Guiada por Ultrassonografia<\/strong><\/h4><p>Valor R$ 520,00 por n\u00f3dulo (Valor do laborat\u00f3rio e do patologista j\u00e1 inclu\u00eddo)<\/p><p>A bi\u00f3psia (ou pun\u00e7\u00e3o) aspirativa da Tire\u00f3ide (PAAF) \u00e9 um procedimento de diagn\u00f3stico que nos possibilita, atrav\u00e9s da introdu\u00e7\u00e3o de uma fina agulha, recolher c\u00e9lulas para posteriormente serem analisadas ao microsc\u00f3pio . A PAAF da Tire\u00f3ide \u00e9 um exame extremamente relevante e que serve para descartar malignidade ou permitir um diagn\u00f3stico definitivo em casos de n\u00f3dulos.<\/p><\/div>\n\t\t\t\t\t<\/div>\n\t\t\t\t\t\t<\/div>\n\t\t\t\t<\/div>\n\t\t\t\t<\/div>\n\t\t\t\t\t<\/div>\n\t\t\t\t<\/div>\n\t\t<div class=\"elementor-element elementor-element-b7a21dd e-flex e-con-boxed wd-section-disabled e-con e-parent\" data-id=\"b7a21dd\" data-element_type=\"container\" data-e-type=\"container\">\n\t\t\t\t\t<div class=\"e-con-inner\">\n\t\t<div class=\"elementor-element elementor-element-f84c90c e-con-full e-flex wd-section-disabled e-con e-child\" data-id=\"f84c90c\" data-element_type=\"container\" data-e-type=\"container\">\n\t\t\t\t<div class=\"elementor-element elementor-element-4ac95d3 elementor-widget elementor-widget-wd_image_or_svg\" data-id=\"4ac95d3\" data-element_type=\"widget\" data-e-type=\"widget\" data-widget_type=\"wd_image_or_svg.default\">\n\t\t\t\t<div class=\"elementor-widget-container\">\n\t\t\t\t\t\n\t\t<div class=\"wd-image text-left\">\n\t\t\t\t\t\t\t\t<img loading=\"lazy\" decoding=\"async\" width=\"850\" height=\"619\" src=\"https:\/\/doutorrodrigoendocrinologista.com\/wp-content\/uploads\/2025\/01\/produtos7.png\" class=\"attachment-full size-full wp-image-16184\" alt=\"\" srcset=\"https:\/\/doutorrodrigoendocrinologista.com\/wp-content\/uploads\/2025\/01\/produtos7.png 850w, https:\/\/doutorrodrigoendocrinologista.com\/wp-content\/uploads\/2025\/01\/produtos7-400x291.png 400w, https:\/\/doutorrodrigoendocrinologista.com\/wp-content\/uploads\/2025\/01\/produtos7-768x559.png 768w, https:\/\/doutorrodrigoendocrinologista.com\/wp-content\/uploads\/2025\/01\/produtos7-430x313.png 430w, https:\/\/doutorrodrigoendocrinologista.com\/wp-content\/uploads\/2025\/01\/produtos7-700x510.png 700w, https:\/\/doutorrodrigoendocrinologista.com\/wp-content\/uploads\/2025\/01\/produtos7-150x109.png 150w\" sizes=\"(max-width: 850px) 100vw, 850px\" \/>\t\t\t\t\t<\/div>\n\n\t\t\t\t\t\t<\/div>\n\t\t\t\t<\/div>\n\t\t\t\t<\/div>\n\t\t<div class=\"elementor-element elementor-element-8b65f78 e-con-full e-flex wd-section-disabled e-con e-child\" data-id=\"8b65f78\" data-element_type=\"container\" data-e-type=\"container\">\n\t\t\t\t<div class=\"elementor-element elementor-element-f85b540 elementor-widget elementor-widget-wd_text_block\" data-id=\"f85b540\" data-element_type=\"widget\" data-e-type=\"widget\" data-widget_type=\"wd_text_block.default\">\n\t\t\t\t<div class=\"elementor-widget-container\">\n\t\t\t\t\t\t\t<div class=\"wd-text-block reset-last-child text-left\">\n\t\t\t\n\t\t\t<h4 class=\"NjC1lf\" dir=\"ltr\"><strong>Alcooliza\u00e7\u00e3o (Escleroterapia) de n\u00f3dulos na Tire\u00f3ide<br \/><\/strong><\/h4><div dir=\"ltr\">Valor R$ 450,00 (por n\u00f3dulo)\u00a0<br \/><br \/>A alcooliza\u00e7\u00e3o \u00e9 um procedimento indicado para n\u00f3dulos da tireoide completamente ou predominantemente c\u00edsticos que estejam causando sintomas compressivos, tais como dificuldade para engolir, altera\u00e7\u00f5es na voz, falta de ar ou desconforto est\u00e9tico.<\/div>\n\t\t\t\t\t<\/div>\n\t\t\t\t\t\t<\/div>\n\t\t\t\t<\/div>\n\t\t\t\t<\/div>\n\t\t\t\t\t<\/div>\n\t\t\t\t<\/div>\n\t\t\t\t<\/div>\n\t\t","protected":false},"excerpt":{"rendered":"<p>Eletrocardiograma Digital Valor R$ 100,00 O Eletrocardiograma (ECG) \u00e9 um exame que avalia a atividade el\u00e9trica do cora\u00e7\u00e3o por meio<\/p>\n","protected":false},"author":1,"featured_media":0,"parent":0,"menu_order":0,"comment_status":"closed","ping_status":"closed","template":"","meta":{"footnotes":""},"class_list":["post-16149","page","type-page","status-publish","hentry"],"_links":{"self":[{"href":"https:\/\/doutorrodrigoendocrinologista.com\/index.php\/wp-json\/wp\/v2\/pages\/16149","targetHints":{"allow":["GET"]}}],"collection":[{"href":"https:\/\/doutorrodrigoendocrinologista.com\/index.php\/wp-json\/wp\/v2\/pages"}],"about":[{"href":"https:\/\/doutorrodrigoendocrinologista.com\/index.php\/wp-json\/wp\/v2\/types\/page"}],"author":[{"embeddable":true,"href":"https:\/\/doutorrodrigoendocrinologista.com\/index.php\/wp-json\/wp\/v2\/users\/1"}],"replies":[{"embeddable":true,"href":"https:\/\/doutorrodrigoendocrinologista.com\/index.php\/wp-json\/wp\/v2\/comments?post=16149"}],"version-history":[{"count":28,"href":"https:\/\/doutorrodrigoendocrinologista.com\/index.php\/wp-json\/wp\/v2\/pages\/16149\/revisions"}],"predecessor-version":[{"id":16204,"href":"https:\/\/doutorrodrigoendocrinologista.com\/index.php\/wp-json\/wp\/v2\/pages\/16149\/revisions\/16204"}],"wp:attachment":[{"href":"https:\/\/doutorrodrigoendocrinologista.com\/index.php\/wp-json\/wp\/v2\/media?parent=16149"}],"curies":[{"name":"wp","href":"https:\/\/api.w.org\/{rel}","templated":true}]}}