{"id":45,"date":"2021-08-26T12:21:44","date_gmt":"2021-08-26T12:21:44","guid":{"rendered":"http:\/\/dummy.xtemos.com\/woodmart2\/elementor\/?page_id=45"},"modified":"2024-10-06T01:18:11","modified_gmt":"2024-10-06T01:18:11","slug":"compare","status":"publish","type":"page","link":"https:\/\/doutorrodrigoendocrinologista.com\/index.php\/compare\/","title":{"rendered":"Consulta Virtual"},"content":{"rendered":"\t\t<div data-elementor-type=\"wp-page\" data-elementor-id=\"45\" class=\"elementor elementor-45\">\n\t\t\t\t<div class=\"elementor-element elementor-element-376def7 e-flex e-con-boxed wd-section-disabled e-con e-parent\" data-id=\"376def7\" data-element_type=\"container\">\n\t\t\t\t\t<div class=\"e-con-inner\">\n\t\t<div class=\"elementor-element elementor-element-469d22d e-con-full e-flex wd-section-disabled e-con e-child\" data-id=\"469d22d\" data-element_type=\"container\">\n\t\t\t\t<div class=\"elementor-element elementor-element-64824ff elementor-widget elementor-widget-wd_image_or_svg\" data-id=\"64824ff\" data-element_type=\"widget\" data-widget_type=\"wd_image_or_svg.default\">\n\t\t\t\t<div class=\"elementor-widget-container\">\n\t\t\t\t\t\n\t\t<div class=\"wd-image text-left\">\n\t\t\t\t\t\t\t\t<img fetchpriority=\"high\" decoding=\"async\" width=\"300\" height=\"200\" src=\"https:\/\/doutorrodrigoendocrinologista.com\/wp-content\/uploads\/2024\/10\/telemedicina.png\" class=\"attachment-full size-full wp-image-15853\" alt=\"\" srcset=\"https:\/\/doutorrodrigoendocrinologista.com\/wp-content\/uploads\/2024\/10\/telemedicina.png 300w, https:\/\/doutorrodrigoendocrinologista.com\/wp-content\/uploads\/2024\/10\/telemedicina-150x100.png 150w\" sizes=\"(max-width: 300px) 100vw, 300px\" \/>\t\t\t\t\t<\/div>\n\n\t\t\t\t\t\t<\/div>\n\t\t\t\t<\/div>\n\t\t\t\t<\/div>\n\t\t<div class=\"elementor-element elementor-element-2b1e30b e-con-full e-flex wd-section-disabled e-con e-child\" data-id=\"2b1e30b\" data-element_type=\"container\">\n\t\t\t\t<div class=\"elementor-element elementor-element-b69ddb7 elementor-widget elementor-widget-wd_text_block\" data-id=\"b69ddb7\" data-element_type=\"widget\" data-widget_type=\"wd_text_block.default\">\n\t\t\t\t<div class=\"elementor-widget-container\">\n\t\t\t\t\t\t\t<div class=\"wd-text-block reset-last-child text-left\">\n\t\t\t\n\t\t\t<div class=\"liner-continer\">\n<h4 class=\"woodmart-title-container title wd-fontsize-l\">Telemedicina<\/h4>\n<\/div>\n<div class=\"title-after_title set-cont-mb-s reset-last-child wd-fontsize-xs\">\n<p>Estamos disponibilizando a consulta m\u00e9dica virtual. Ela \u00e9 realizada por um link. Devidamente regulamentada pelo Conselho Federal de Medicina, funciona como uma consulta m\u00e9dica tradicional, e as receitas, requisi\u00e7\u00f5es, laudos, etc, s\u00e3o enviados por Whatsapp, ou ainda pelo e-mail, devidamente certificadas digitalmente, v\u00e1lidas em todo o pa\u00eds.<\/p>\n<\/div>\n\t\t\t\t\t<\/div>\n\t\t\t\t\t\t<\/div>\n\t\t\t\t<\/div>\n\t\t\t\t<\/div>\n\t\t\t\t\t<\/div>\n\t\t\t\t<\/div>\n\t\t\t\t<\/div>\n\t\t","protected":false},"excerpt":{"rendered":"<p>Telemedicina Estamos disponibilizando a consulta m\u00e9dica virtual. Ela \u00e9 realizada por um link. Devidamente regulamentada pelo Conselho Federal de Medicina,<\/p>\n","protected":false},"author":1,"featured_media":0,"parent":0,"menu_order":0,"comment_status":"closed","ping_status":"closed","template":"","meta":{"footnotes":""},"class_list":["post-45","page","type-page","status-publish","hentry"],"_links":{"self":[{"href":"https:\/\/doutorrodrigoendocrinologista.com\/index.php\/wp-json\/wp\/v2\/pages\/45","targetHints":{"allow":["GET"]}}],"collection":[{"href":"https:\/\/doutorrodrigoendocrinologista.com\/index.php\/wp-json\/wp\/v2\/pages"}],"about":[{"href":"https:\/\/doutorrodrigoendocrinologista.com\/index.php\/wp-json\/wp\/v2\/types\/page"}],"author":[{"embeddable":true,"href":"https:\/\/doutorrodrigoendocrinologista.com\/index.php\/wp-json\/wp\/v2\/users\/1"}],"replies":[{"embeddable":true,"href":"https:\/\/doutorrodrigoendocrinologista.com\/index.php\/wp-json\/wp\/v2\/comments?post=45"}],"version-history":[{"count":0,"href":"https:\/\/doutorrodrigoendocrinologista.com\/index.php\/wp-json\/wp\/v2\/pages\/45\/revisions"}],"wp:attachment":[{"href":"https:\/\/doutorrodrigoendocrinologista.com\/index.php\/wp-json\/wp\/v2\/media?parent=45"}],"curies":[{"name":"wp","href":"https:\/\/api.w.org\/{rel}","templated":true}]}}